{"id":8,"date":"2016-09-06T16:47:26","date_gmt":"2016-09-06T14:47:26","guid":{"rendered":"http:\/\/caffeadria.local\/kontakt\/"},"modified":"2025-12-29T14:06:43","modified_gmt":"2025-12-29T13:06:43","slug":"kontakt","status":"publish","type":"page","link":"https:\/\/caffeadria.cz\/en\/kontakt\/","title":{"rendered":"Contact"},"content":{"rendered":"<div class=\"flex\">\n<div>\n<p><strong>Kav\u00e1rna Adria &#8211; Caff\u00e9 Restaurant<\/strong><br>N\u00e1rodn\u00ed 40\/36, Praha 1<br>phone: <a href=\"tel:+420774458557\">+420 774 458 557<\/a><br>e-mail: <a href=\"mailto:info@caffeadria.cz\">info@caffeadria.cz<\/a><\/p>\n<h3>Opening hours<\/h3>\n<p><strong>Monday to Friday: 8 a.m. - 11 p.m.<\/strong><br><strong>Saturday to Sunday: 9 a.m. - 10 p.m.<\/strong><\/p>\n<\/div>\n<h3 class=\"fakturacni-adresa\">Billing address<\/h3>\n<p class=\"fakturacni-adresa\"><strong>Company:<\/strong><br>Navigante s.r.o.<br>zapsan\u00e1 v obchodn\u00edm rejst\u0159\u00edku veden\u00e9m M\u011bstsk\u00fdm soudem v Praze, v odd\u00edle C vlo\u017eka 127964<br>Jungmannova 36\/31, Praha 1, 110 00<br>I\u010c: 27299511<br>DI\u010c: CZ27299511<\/p>\n<\/div>\n<h3>Your suggestions and remarks<\/h3>\n<p>&nbsp;<\/p>\n\n<style id=\"wpforms-css-vars-110-block-dca3346a-92ff-4178-a9d5-f618475bbbac\">\n\t\t\t\t#wpforms-110.wpforms-block-dca3346a-92ff-4178-a9d5-f618475bbbac {\n\t\t\t\t--wpforms-field-size-input-height: 43px;\n--wpforms-field-size-input-spacing: 15px;\n--wpforms-field-size-font-size: 16px;\n--wpforms-field-size-line-height: 19px;\n--wpforms-field-size-padding-h: 14px;\n--wpforms-field-size-checkbox-size: 16px;\n--wpforms-field-size-sublabel-spacing: 5px;\n--wpforms-field-size-icon-size: 1;\n--wpforms-label-size-font-size: 16px;\n--wpforms-label-size-line-height: 19px;\n--wpforms-label-size-sublabel-font-size: 14px;\n--wpforms-label-size-sublabel-line-height: 17px;\n--wpforms-button-size-font-size: 17px;\n--wpforms-button-size-height: 41px;\n--wpforms-button-size-padding-h: 15px;\n--wpforms-button-size-margin-top: 10px;\n\t\t\t}\n\t\t\t<\/style><div class=\"wpforms-container wpforms-container-full wpforms-block wpforms-block-dca3346a-92ff-4178-a9d5-f618475bbbac contact-form wpforms-render-modern\" id=\"wpforms-110\"><form id=\"wpforms-form-110\" class=\"wpforms-validate wpforms-form wpforms-ajax-form\" data-formid=\"110\" method=\"post\" enctype=\"multipart\/form-data\" action=\"\/en\/wp-json\/wp\/v2\/pages\/8\" data-token=\"6404796b5c85fb4a35a468250fdaecf3\" data-token-time=\"1776597774\" data-trp-original-action=\"\/en\/wp-json\/wp\/v2\/pages\/8\"><noscript class=\"wpforms-error-noscript\">Please enable JavaScript in your browser to complete this form.<\/noscript><div id=\"wpforms-error-noscript\" style=\"display: none;\">Please enable JavaScript in your browser to complete this form.<\/div><div class=\"wpforms-field-container\"><div id=\"wpforms-110-field_2-container\" class=\"wpforms-field wpforms-field-email\" data-field-id=\"2\"><label class=\"wpforms-field-label\" for=\"wpforms-110-field_2\">E-mail <span class=\"wpforms-required-label\" aria-hidden=\"true\">*<\/span><\/label><input type=\"email\" id=\"wpforms-110-field_2\" class=\"wpforms-field-large wpforms-field-required\" name=\"wpforms[fields][2]\" spellcheck=\"false\" aria-errormessage=\"wpforms-110-field_2-error\" required><\/div>\t\t<div id=\"wpforms-110-field_1-container\"\n\t\t\tclass=\"wpforms-field wpforms-field-text\"\n\t\t\tdata-field-type=\"text\"\n\t\t\tdata-field-id=\"1\"\n\t\t\t>\n\t\t\t<label class=\"wpforms-field-label\" for=\"wpforms-110-field_1\" >nebo Koment\u00e1\u0159 E-mail<\/label>\n\t\t\t<input type=\"text\" id=\"wpforms-110-field_1\" class=\"wpforms-field-medium\" name=\"wpforms[fields][1]\" >\n\t\t<\/div>\n\t\t<div id=\"wpforms-110-field_3-container\" class=\"wpforms-field wpforms-field-textarea\" data-field-id=\"3\"><label class=\"wpforms-field-label\" for=\"wpforms-110-field_3\">Message<\/label><textarea id=\"wpforms-110-field_3\" class=\"wpforms-field-medium\" name=\"wpforms[fields][3]\" aria-errormessage=\"wpforms-110-field_3-error\" ><\/textarea><\/div><script>\n\t\t\t\t( function() {\n\t\t\t\t\tconst style = document.createElement( 'style' );\n\t\t\t\t\tstyle.appendChild( document.createTextNode( '#wpforms-110-field_1-container { position: absolute !important; overflow: hidden !important; display: inline !important; height: 1px !important; width: 1px !important; z-index: -1000 !important; padding: 0 !important; } #wpforms-110-field_1-container input { visibility: hidden; } #wpforms-conversational-form-page #wpforms-110-field_1-container label { counter-increment: none; }' ) );\n\t\t\t\t\tdocument.head.appendChild( style );\n\t\t\t\t\tdocument.currentScript?.remove();\n\t\t\t\t} )();\n\t\t\t<\/script><\/div><!-- .wpforms-field-container --><div class=\"wpforms-submit-container\" ><input type=\"hidden\" name=\"wpforms[id]\" value=\"110\"><input type=\"hidden\" name=\"page_title\" value=\"\"><input type=\"hidden\" name=\"page_url\" value=\"https:\/\/caffeadria.cz\/en\/wp-json\/wp\/v2\/pages\/8\"><input type=\"hidden\" name=\"url_referer\" value=\"\"><button type=\"submit\" name=\"wpforms[submit]\" id=\"wpforms-submit-110\" class=\"wpforms-submit contact-form-submit\" data-alt-text=\"Odes\u00edl\u00e1ni...\" data-submit-text=\"Odeslat\" aria-live=\"assertive\" value=\"wpforms-submit\">Send<\/button><img loading=\"lazy\" decoding=\"async\" src=\"https:\/\/caffeadria.cz\/wp-content\/plugins\/wpforms-lite\/assets\/images\/submit-spin.svg\" class=\"wpforms-submit-spinner\" style=\"display: none;\" width=\"26\" height=\"26\" alt=\"Loading\"><\/div><input type=\"hidden\" name=\"trp-form-language\" value=\"en\"\/><\/form><\/div>  <!-- .wpforms-container -->","protected":false},"excerpt":{"rendered":"<p>Kav\u00e1rna Adria &#8211; Caff\u00e9 RestaurantN\u00e1rodn\u00ed 40\/36, Praha 1mobil: +420 774 458 557e-mail: info@caffeadria.cz Otev\u00edrac\u00ed doba pond\u011bl\u00ed a\u017e p\u00e1tek: 8:00 &#8211; 23:00sobota a ned\u011ble: 9:00 &#8211; 22:00 Faktura\u010dn\u00ed adresa Obchodn\u00ed firma:Navigante s.r.o.zapsan\u00e1 v obchodn\u00edm rejst\u0159\u00edku veden\u00e9m M\u011bstsk\u00fdm soudem v Praze, v odd\u00edle C vlo\u017eka 127964Jungmannova 36\/31, Praha 1, 110 00I\u010c: 27299511DI\u010c: CZ27299511 Va\u0161e n\u00e1vrhy a p\u0159ipom\u00ednky [&hellip;]<\/p>","protected":false},"author":1,"featured_media":0,"parent":0,"menu_order":5,"comment_status":"closed","ping_status":"closed","template":"","meta":{"ngg_post_thumbnail":0,"footnotes":""},"class_list":["post-8","page","type-page","status-publish","hentry"],"_links":{"self":[{"href":"https:\/\/caffeadria.cz\/en\/wp-json\/wp\/v2\/pages\/8","targetHints":{"allow":["GET"]}}],"collection":[{"href":"https:\/\/caffeadria.cz\/en\/wp-json\/wp\/v2\/pages"}],"about":[{"href":"https:\/\/caffeadria.cz\/en\/wp-json\/wp\/v2\/types\/page"}],"author":[{"embeddable":true,"href":"https:\/\/caffeadria.cz\/en\/wp-json\/wp\/v2\/users\/1"}],"replies":[{"embeddable":true,"href":"https:\/\/caffeadria.cz\/en\/wp-json\/wp\/v2\/comments?post=8"}],"version-history":[{"count":1,"href":"https:\/\/caffeadria.cz\/en\/wp-json\/wp\/v2\/pages\/8\/revisions"}],"predecessor-version":[{"id":114,"href":"https:\/\/caffeadria.cz\/en\/wp-json\/wp\/v2\/pages\/8\/revisions\/114"}],"wp:attachment":[{"href":"https:\/\/caffeadria.cz\/en\/wp-json\/wp\/v2\/media?parent=8"}],"curies":[{"name":"wp","href":"https:\/\/api.w.org\/{rel}","templated":true}]}}