{"id":53,"date":"2025-12-28T20:56:48","date_gmt":"2025-12-28T19:56:48","guid":{"rendered":"http:\/\/caffeadria.local\/?page_id=53"},"modified":"2025-12-29T17:15:58","modified_gmt":"2025-12-29T16:15:58","slug":"nabidka","status":"publish","type":"page","link":"https:\/\/caffeadria.cz\/en\/nabidka\/","title":{"rendered":"Menu"},"content":{"rendered":"<figure class=\"wp-block-table\"><table class=\"has-fixed-layout\"><tbody><tr><td><strong>Fresh fruit with Greek yogurt and muesli<\/strong><\/td><td><strong>135,-<\/strong><\/td><\/tr><tr><td><strong>Farmhouse bread with avocado guacamole and eggs<br><\/strong><\/td><td><strong>195,-<\/strong><\/td><\/tr><tr><td><strong>Scrambled eggs with onions<\/strong><\/td><td><strong>115,-<\/strong><\/td><\/tr><tr><td><strong>Egg omelet with cheddar cheese<\/strong><\/td><td><strong>115,-<\/strong><\/td><\/tr><tr><td><strong>Fried ham\/bacon with eggs<\/strong><\/td><td><strong>155,-<\/strong><\/td><\/tr><tr><td><strong>Eggs Benedict with ham \/ smoked salmon<\/strong><\/td><td><strong>155,-\/195,-<\/strong><\/td><\/tr><tr><td><strong>Bread basket<\/strong><\/td><td><strong>45,-<\/strong><\/td><\/tr><tr><td><strong>Butter<\/strong><\/td><td><strong>25,-<\/strong><\/td><\/tr><\/tbody><\/table><\/figure>","protected":false},"excerpt":{"rendered":"<p>\u010cerstv\u00e9 ovoce s \u0159eck\u00fdm jogurtem a m\u00fcsli 135,- Farm\u00e1\u0159sk\u00fd chl\u00e9b s avok\u00e1dov\u00fdm guacamole a vejci 195,- M\u00edchan\u00e1 vejce na cibulce 115,- Vaje\u010dn\u00e1 omeleta se s\u00fdrem \u010cedar 115,- Ope\u010den\u00e1 \u0161unka\/slanina s vejci 155,- Vejce Benedikt se \u0161unkou \/ uzen\u00fdm lososem 155,-\/195,- Ko\u0161\u00edk pe\u010diva 45,- M\u00e1slo 25,-<\/p>","protected":false},"author":1,"featured_media":0,"parent":0,"menu_order":0,"comment_status":"closed","ping_status":"closed","template":"","meta":{"ngg_post_thumbnail":0,"footnotes":""},"class_list":["post-53","page","type-page","status-publish","hentry"],"_links":{"self":[{"href":"https:\/\/caffeadria.cz\/en\/wp-json\/wp\/v2\/pages\/53","targetHints":{"allow":["GET"]}}],"collection":[{"href":"https:\/\/caffeadria.cz\/en\/wp-json\/wp\/v2\/pages"}],"about":[{"href":"https:\/\/caffeadria.cz\/en\/wp-json\/wp\/v2\/types\/page"}],"author":[{"embeddable":true,"href":"https:\/\/caffeadria.cz\/en\/wp-json\/wp\/v2\/users\/1"}],"replies":[{"embeddable":true,"href":"https:\/\/caffeadria.cz\/en\/wp-json\/wp\/v2\/comments?post=53"}],"version-history":[{"count":2,"href":"https:\/\/caffeadria.cz\/en\/wp-json\/wp\/v2\/pages\/53\/revisions"}],"predecessor-version":[{"id":142,"href":"https:\/\/caffeadria.cz\/en\/wp-json\/wp\/v2\/pages\/53\/revisions\/142"}],"wp:attachment":[{"href":"https:\/\/caffeadria.cz\/en\/wp-json\/wp\/v2\/media?parent=53"}],"curies":[{"name":"wp","href":"https:\/\/api.w.org\/{rel}","templated":true}]}}